{"id":1481,"date":"2024-07-21T13:20:10","date_gmt":"2024-07-21T13:20:10","guid":{"rendered":"https:\/\/remik-rozmawia.pl\/?page_id=1481"},"modified":"2024-07-21T13:20:11","modified_gmt":"2024-07-21T13:20:11","slug":"polityka-cookie","status":"publish","type":"page","link":"https:\/\/remik-rozmawia.pl\/index.php\/polityka-cookie\/","title":{"rendered":"Polityka Cookie"},"content":{"rendered":"\n<p><strong>Polityka Cookie<\/strong><\/p>\n\n\n\n<p><em>Ostatnia aktualizacja: 21 lipca 2024<\/em><\/p>\n\n\n\n<p><em>Data wej\u015bcia w \u017cycie: 21 lipca 2024<\/em><\/p>\n\n\n\n<p>Niniejsza Polityka Cookie wyja\u015bnia, w jaki spos\u00f3b NATALIA GRODECKA NIP 6422885515, Pozna\u0144ska 10\/54, 30-012 Krak\u00f3w, \u015al\u0105skie 30-012, Polska, e-mail:&nbsp;<a>kontakt@remik-rozmawia.pl<\/a>, telefon: 690901999 (dalej &#8222;Firma&#8221;, &#8222;my&#8221;, &#8222;nas&#8221; lub &#8222;nasze&#8221;) u\u017cywa plik\u00f3w cookie i podobnych technologii do rozpoznawania Ciebie, gdy odwiedzasz nasz\u0105 stron\u0119 internetow\u0105 (<a href=\"https:\/\/remik-rozmawia.pl\/\">https:\/\/remik-rozmawia.pl<\/a>) (dalej &#8222;Strona&#8221;). Wyja\u015bnia, czym s\u0105 te technologie i dlaczego ich u\u017cywamy, a tak\u017ce Twoje prawa do kontrolowania ich u\u017cycia.<\/p>\n\n\n\n<p><strong>Co to s\u0105 pliki cookie?<\/strong><\/p>\n\n\n\n<p>Pliki cookie to ma\u0142e pliki danych, kt\u00f3re s\u0105 umieszczane na Twoim komputerze lub urz\u0105dzeniu mobilnym, gdy odwiedzasz stron\u0119 internetow\u0105. Pliki cookie s\u0105 szeroko stosowane przez w\u0142a\u015bcicieli stron internetowych w celu zapewnienia dzia\u0142ania stron internetowych lub w celu poprawy ich wydajno\u015bci, a tak\u017ce w celu dostarczania informacji raportowych.<\/p>\n\n\n\n<p><strong>Rodzaje plik\u00f3w cookie, kt\u00f3rych u\u017cywamy<\/strong><\/p>\n\n\n\n<p>U\u017cywamy plik\u00f3w cookie pierwszej i trzeciej strony z r\u00f3\u017cnych powod\u00f3w. Niekt\u00f3re pliki cookie s\u0105 wymagane ze wzgl\u0119d\u00f3w technicznych, aby nasze Strony mog\u0142y dzia\u0142a\u0107, a my nazywamy je \u201eniezb\u0119dnymi\u201d lub \u201e\u015bci\u015ble koniecznymi\u201d plikami cookie. Inne pliki cookie pozwalaj\u0105 nam r\u00f3wnie\u017c \u015bledzi\u0107 i targetowa\u0107 zainteresowania naszych u\u017cytkownik\u00f3w w celu poprawy do\u015bwiadczenia na naszych Stronach. Strony trzecie obs\u0142uguj\u0105 pliki cookie za po\u015brednictwem naszych Stron w celach reklamowych, analitycznych i innych. Dok\u0142adne typy plik\u00f3w cookie pierwszej i trzeciej strony obs\u0142ugiwanych za po\u015brednictwem naszych Stron oraz cele, kt\u00f3re realizuj\u0105, opisano poni\u017cej:<\/p>\n\n\n\n<p><strong>Niezb\u0119dne pliki cookie<\/strong><\/p>\n\n\n\n<p>Te pliki cookie s\u0105 absolutnie niezb\u0119dne do \u015bwiadczenia us\u0142ug dost\u0119pnych za po\u015brednictwem naszych Stron i do korzystania z niekt\u00f3rych ich funkcji, takich jak dost\u0119p do bezpiecznych obszar\u00f3w.<\/p>\n\n\n\n<p><strong>Analityczne i dostosowuj\u0105ce pliki cookie<\/strong><\/p>\n\n\n\n<p>Te pliki cookie zbieraj\u0105 informacje, kt\u00f3re s\u0105 u\u017cywane albo w formie zbiorczej, aby pom\u00f3c nam zrozumie\u0107, jak nasze Strony s\u0105 u\u017cywane, albo w celu dostosowania naszych Stron do Ciebie, aby zwi\u0119kszy\u0107 Twoje do\u015bwiadczenia.<\/p>\n\n\n\n<p><strong>Reklamowe pliki cookie<\/strong><\/p>\n\n\n\n<p>Te pliki cookie s\u0105 u\u017cywane do tego, aby komunikaty reklamowe by\u0142y bardziej trafne dla Ciebie. Wykonuj\u0105 funkcje takie jak zapobieganie ponownemu pojawianiu si\u0119 tej samej reklamy, zapewnienie, \u017ce reklamy s\u0105 prawid\u0142owo wy\u015bwietlane dla reklamodawc\u00f3w oraz w niekt\u00f3rych przypadkach wybieranie reklam opartych na Twoich zainteresowaniach.<\/p>\n\n\n\n<p><strong>Pliki cookie medi\u00f3w spo\u0142eczno\u015bciowych<\/strong><\/p>\n\n\n\n<p>Te pliki cookie s\u0105 u\u017cywane, aby umo\u017cliwi\u0107 Ci udost\u0119pnianie stron i tre\u015bci, kt\u00f3re uznajesz za interesuj\u0105ce, za po\u015brednictwem sieci spo\u0142eczno\u015bciowych stron trzecich i innych stron internetowych. Te pliki cookie mog\u0105 by\u0107 r\u00f3wnie\u017c u\u017cywane do cel\u00f3w reklamowych.<\/p>\n\n\n\n<p><strong>Kontrola plik\u00f3w cookie<\/strong><\/p>\n\n\n\n<p>Masz prawo do decydowania o akceptacji lub odrzuceniu plik\u00f3w cookie. Mo\u017cesz ustawi\u0107 swoje preferencje dotycz\u0105ce plik\u00f3w cookie, klikaj\u0105c odpowiednie linki rezygnacji podane poni\u017cej:<\/p>\n\n\n\n<p>Wi\u0119kszo\u015b\u0107 przegl\u0105darek internetowych pozwala na pewn\u0105 kontrol\u0119 nad plikami cookie za pomoc\u0105 ustawie\u0144 przegl\u0105darki. Aby dowiedzie\u0107 si\u0119 wi\u0119cej o plikach cookie, w tym jak zobaczy\u0107, jakie pliki cookie zosta\u0142y ustawione oraz jak nimi zarz\u0105dza\u0107 i je usuwa\u0107, odwied\u017a stron\u0119&nbsp;<a href=\"http:\/\/www.allaboutcookies.org\/\">www.allaboutcookies.org<\/a>.<\/p>\n\n\n\n<p><strong>Zmiany w Polityce Cookie<\/strong><\/p>\n\n\n\n<p>Mo\u017cemy aktualizowa\u0107 niniejsz\u0105 Polityk\u0119 Cookie od czasu do czasu, aby odzwierciedli\u0107 na przyk\u0142ad zmiany w u\u017cywanych przez nas plikach cookie lub z innych operacyjnych, prawnych czy regulacyjnych powod\u00f3w. Dlatego prosimy o regularne odwiedzanie tej Polityki Cookie, aby by\u0107 na bie\u017c\u0105co z naszym u\u017cyciem plik\u00f3w cookie i powi\u0105zanych technologii.<\/p>\n\n\n\n<p><strong>Kontakt<\/strong><\/p>\n\n\n\n<p>Je\u015bli masz jakiekolwiek pytania dotycz\u0105ce naszego u\u017cycia plik\u00f3w cookie lub innych technologii, prosimy o kontakt pod adresem&nbsp;<a>kontakt@remik-rozmawia.pl<\/a>.<\/p>\n","protected":false},"excerpt":{"rendered":"<p>Polityka Cookie Ostatnia aktualizacja: 21 lipca 2024 Data wej\u015bcia w \u017cycie: 21 lipca 2024 Niniejsza Polityka Cookie wyja\u015bnia, w jaki spos\u00f3b NATALIA GRODECKA NIP 6422885515, Pozna\u0144ska 10\/54, 30-012 Krak\u00f3w, \u015al\u0105skie 30-012, Polska, e-mail:&nbsp;kontakt@remik-rozmawia.pl, telefon: 690901999 (dalej &#8222;Firma&#8221;, &#8222;my&#8221;, &#8222;nas&#8221; lub &#8222;nasze&#8221;) u\u017cywa plik\u00f3w cookie i podobnych technologii do rozpoznawania Ciebie, gdy odwiedzasz nasz\u0105 stron\u0119 internetow\u0105 [&hellip;]<\/p>\n","protected":false},"author":1,"featured_media":0,"parent":0,"menu_order":0,"comment_status":"closed","ping_status":"closed","template":"","meta":{"footnotes":""},"class_list":["post-1481","page","type-page","status-publish","hentry"],"yoast_head":"<!-- This site is optimized with the Yoast SEO plugin v24.8.1 - https:\/\/yoast.com\/wordpress\/plugins\/seo\/ -->\n<title>Polityka Cookie - Remik Rozmawia<\/title>\n<meta name=\"robots\" content=\"index, follow, max-snippet:-1, max-image-preview:large, max-video-preview:-1\" \/>\n<link rel=\"canonical\" href=\"https:\/\/remik-rozmawia.pl\/index.php\/polityka-cookie\/\" \/>\n<meta property=\"og:locale\" content=\"pl_PL\" \/>\n<meta property=\"og:type\" content=\"article\" \/>\n<meta property=\"og:title\" content=\"Polityka Cookie - Remik Rozmawia\" \/>\n<meta property=\"og:description\" content=\"Polityka Cookie Ostatnia aktualizacja: 21 lipca 2024 Data wej\u015bcia w \u017cycie: 21 lipca 2024 Niniejsza Polityka Cookie wyja\u015bnia, w jaki spos\u00f3b NATALIA GRODECKA NIP 6422885515, Pozna\u0144ska 10\/54, 30-012 Krak\u00f3w, \u015al\u0105skie 30-012, Polska, e-mail:&nbsp;kontakt@remik-rozmawia.pl, telefon: 690901999 (dalej &#8222;Firma&#8221;, &#8222;my&#8221;, &#8222;nas&#8221; lub &#8222;nasze&#8221;) u\u017cywa plik\u00f3w cookie i podobnych technologii do rozpoznawania Ciebie, gdy odwiedzasz nasz\u0105 stron\u0119 internetow\u0105 [&hellip;]\" \/>\n<meta property=\"og:url\" content=\"https:\/\/remik-rozmawia.pl\/index.php\/polityka-cookie\/\" \/>\n<meta property=\"og:site_name\" content=\"Remik Rozmawia\" \/>\n<meta property=\"article:modified_time\" content=\"2024-07-21T13:20:11+00:00\" \/>\n<meta name=\"twitter:card\" content=\"summary_large_image\" \/>\n<meta name=\"twitter:label1\" content=\"Szacowany czas czytania\" \/>\n\t<meta name=\"twitter:data1\" content=\"4 minuty\" \/>\n<script type=\"application\/ld+json\" class=\"yoast-schema-graph\">{\"@context\":\"https:\/\/schema.org\",\"@graph\":[{\"@type\":\"WebPage\",\"@id\":\"https:\/\/remik-rozmawia.pl\/index.php\/polityka-cookie\/\",\"url\":\"https:\/\/remik-rozmawia.pl\/index.php\/polityka-cookie\/\",\"name\":\"Polityka Cookie - Remik Rozmawia\",\"isPartOf\":{\"@id\":\"https:\/\/remik-rozmawia.pl\/#website\"},\"datePublished\":\"2024-07-21T13:20:10+00:00\",\"dateModified\":\"2024-07-21T13:20:11+00:00\",\"breadcrumb\":{\"@id\":\"https:\/\/remik-rozmawia.pl\/index.php\/polityka-cookie\/#breadcrumb\"},\"inLanguage\":\"pl-PL\",\"potentialAction\":[{\"@type\":\"ReadAction\",\"target\":[\"https:\/\/remik-rozmawia.pl\/index.php\/polityka-cookie\/\"]}]},{\"@type\":\"BreadcrumbList\",\"@id\":\"https:\/\/remik-rozmawia.pl\/index.php\/polityka-cookie\/#breadcrumb\",\"itemListElement\":[{\"@type\":\"ListItem\",\"position\":1,\"name\":\"Strona g\u0142\u00f3wna\",\"item\":\"https:\/\/remik-rozmawia.pl\/\"},{\"@type\":\"ListItem\",\"position\":2,\"name\":\"Polityka Cookie\"}]},{\"@type\":\"WebSite\",\"@id\":\"https:\/\/remik-rozmawia.pl\/#website\",\"url\":\"https:\/\/remik-rozmawia.pl\/\",\"name\":\"Remik Rozmawia\",\"description\":\"\",\"publisher\":{\"@id\":\"https:\/\/remik-rozmawia.pl\/#organization\"},\"potentialAction\":[{\"@type\":\"SearchAction\",\"target\":{\"@type\":\"EntryPoint\",\"urlTemplate\":\"https:\/\/remik-rozmawia.pl\/?s={search_term_string}\"},\"query-input\":{\"@type\":\"PropertyValueSpecification\",\"valueRequired\":true,\"valueName\":\"search_term_string\"}}],\"inLanguage\":\"pl-PL\"},{\"@type\":\"Organization\",\"@id\":\"https:\/\/remik-rozmawia.pl\/#organization\",\"name\":\"Remik Rozmawia\",\"url\":\"https:\/\/remik-rozmawia.pl\/\",\"logo\":{\"@type\":\"ImageObject\",\"inLanguage\":\"pl-PL\",\"@id\":\"https:\/\/remik-rozmawia.pl\/#\/schema\/logo\/image\/\",\"url\":\"https:\/\/remik-rozmawia.pl\/wp-content\/uploads\/2024\/04\/logo-remik-solid.png\",\"contentUrl\":\"https:\/\/remik-rozmawia.pl\/wp-content\/uploads\/2024\/04\/logo-remik-solid.png\",\"width\":1000,\"height\":1000,\"caption\":\"Remik Rozmawia\"},\"image\":{\"@id\":\"https:\/\/remik-rozmawia.pl\/#\/schema\/logo\/image\/\"}}]}<\/script>\n<!-- \/ Yoast SEO plugin. -->","yoast_head_json":{"title":"Polityka Cookie - Remik Rozmawia","robots":{"index":"index","follow":"follow","max-snippet":"max-snippet:-1","max-image-preview":"max-image-preview:large","max-video-preview":"max-video-preview:-1"},"canonical":"https:\/\/remik-rozmawia.pl\/index.php\/polityka-cookie\/","og_locale":"pl_PL","og_type":"article","og_title":"Polityka Cookie - Remik Rozmawia","og_description":"Polityka Cookie Ostatnia aktualizacja: 21 lipca 2024 Data wej\u015bcia w \u017cycie: 21 lipca 2024 Niniejsza Polityka Cookie wyja\u015bnia, w jaki spos\u00f3b NATALIA GRODECKA NIP 6422885515, Pozna\u0144ska 10\/54, 30-012 Krak\u00f3w, \u015al\u0105skie 30-012, Polska, e-mail:&nbsp;kontakt@remik-rozmawia.pl, telefon: 690901999 (dalej &#8222;Firma&#8221;, &#8222;my&#8221;, &#8222;nas&#8221; lub &#8222;nasze&#8221;) u\u017cywa plik\u00f3w cookie i podobnych technologii do rozpoznawania Ciebie, gdy odwiedzasz nasz\u0105 stron\u0119 internetow\u0105 [&hellip;]","og_url":"https:\/\/remik-rozmawia.pl\/index.php\/polityka-cookie\/","og_site_name":"Remik Rozmawia","article_modified_time":"2024-07-21T13:20:11+00:00","twitter_card":"summary_large_image","twitter_misc":{"Szacowany czas czytania":"4 minuty"},"schema":{"@context":"https:\/\/schema.org","@graph":[{"@type":"WebPage","@id":"https:\/\/remik-rozmawia.pl\/index.php\/polityka-cookie\/","url":"https:\/\/remik-rozmawia.pl\/index.php\/polityka-cookie\/","name":"Polityka Cookie - Remik Rozmawia","isPartOf":{"@id":"https:\/\/remik-rozmawia.pl\/#website"},"datePublished":"2024-07-21T13:20:10+00:00","dateModified":"2024-07-21T13:20:11+00:00","breadcrumb":{"@id":"https:\/\/remik-rozmawia.pl\/index.php\/polityka-cookie\/#breadcrumb"},"inLanguage":"pl-PL","potentialAction":[{"@type":"ReadAction","target":["https:\/\/remik-rozmawia.pl\/index.php\/polityka-cookie\/"]}]},{"@type":"BreadcrumbList","@id":"https:\/\/remik-rozmawia.pl\/index.php\/polityka-cookie\/#breadcrumb","itemListElement":[{"@type":"ListItem","position":1,"name":"Strona g\u0142\u00f3wna","item":"https:\/\/remik-rozmawia.pl\/"},{"@type":"ListItem","position":2,"name":"Polityka Cookie"}]},{"@type":"WebSite","@id":"https:\/\/remik-rozmawia.pl\/#website","url":"https:\/\/remik-rozmawia.pl\/","name":"Remik Rozmawia","description":"","publisher":{"@id":"https:\/\/remik-rozmawia.pl\/#organization"},"potentialAction":[{"@type":"SearchAction","target":{"@type":"EntryPoint","urlTemplate":"https:\/\/remik-rozmawia.pl\/?s={search_term_string}"},"query-input":{"@type":"PropertyValueSpecification","valueRequired":true,"valueName":"search_term_string"}}],"inLanguage":"pl-PL"},{"@type":"Organization","@id":"https:\/\/remik-rozmawia.pl\/#organization","name":"Remik Rozmawia","url":"https:\/\/remik-rozmawia.pl\/","logo":{"@type":"ImageObject","inLanguage":"pl-PL","@id":"https:\/\/remik-rozmawia.pl\/#\/schema\/logo\/image\/","url":"https:\/\/remik-rozmawia.pl\/wp-content\/uploads\/2024\/04\/logo-remik-solid.png","contentUrl":"https:\/\/remik-rozmawia.pl\/wp-content\/uploads\/2024\/04\/logo-remik-solid.png","width":1000,"height":1000,"caption":"Remik Rozmawia"},"image":{"@id":"https:\/\/remik-rozmawia.pl\/#\/schema\/logo\/image\/"}}]}},"_links":{"self":[{"href":"https:\/\/remik-rozmawia.pl\/index.php\/wp-json\/wp\/v2\/pages\/1481"}],"collection":[{"href":"https:\/\/remik-rozmawia.pl\/index.php\/wp-json\/wp\/v2\/pages"}],"about":[{"href":"https:\/\/remik-rozmawia.pl\/index.php\/wp-json\/wp\/v2\/types\/page"}],"author":[{"embeddable":true,"href":"https:\/\/remik-rozmawia.pl\/index.php\/wp-json\/wp\/v2\/users\/1"}],"replies":[{"embeddable":true,"href":"https:\/\/remik-rozmawia.pl\/index.php\/wp-json\/wp\/v2\/comments?post=1481"}],"version-history":[{"count":1,"href":"https:\/\/remik-rozmawia.pl\/index.php\/wp-json\/wp\/v2\/pages\/1481\/revisions"}],"predecessor-version":[{"id":1482,"href":"https:\/\/remik-rozmawia.pl\/index.php\/wp-json\/wp\/v2\/pages\/1481\/revisions\/1482"}],"wp:attachment":[{"href":"https:\/\/remik-rozmawia.pl\/index.php\/wp-json\/wp\/v2\/media?parent=1481"}],"curies":[{"name":"wp","href":"https:\/\/api.w.org\/{rel}","templated":true}]}}